{"id":3234,"date":"2024-09-12T12:05:21","date_gmt":"2024-09-12T12:05:21","guid":{"rendered":"https:\/\/kriptovaliutos.io\/?page_id=3234"},"modified":"2024-12-06T22:05:54","modified_gmt":"2024-12-06T20:05:54","slug":"o-nas","status":"publish","type":"page","link":"https:\/\/kriptovaliutos.io\/pl\/o-nas\/","title":{"rendered":"O nas"},"content":{"rendered":"<h1 class=\"wp-block-heading\">Apie mus<\/h1>\n\n\n\n<p>Witamy na naszej platformie \u2013 miejscu stworzonym dla ka\u017cdego, kto interesuje si\u0119 \u015bwiatem <b>kryptowalut<\/b>! Niezale\u017cnie od tego, czy jeste\u015b pocz\u0105tkuj\u0105cym entuzjast\u0105 stawiaj\u0105cym pierwsze kroki w przestrzeni cyfrowych aktyw\u00f3w, czy do\u015bwiadczonym inwestorem poszukuj\u0105cym dog\u0142\u0119bnych analiz <b>gie\u0142d kryptowalut<\/b>, znajdziesz tu co\u015b dla siebie. Nasza misja to u\u0142atwienie zrozumienia rynku <b>kryptowalut<\/b>, zapewnienie bezpiecznego \u015brodowiska do nauki oraz dostarczenie rzetelnych informacji, kt\u00f3re pomog\u0105 Ci podejmowa\u0107 \u015bwiadome decyzje inwestycyjne. Z nami <b>handel kryptowalutami<\/b> stanie si\u0119 prostszy i bardziej intuicyjny.<\/p>\n\n\n\n<h2 class=\"wp-block-heading\">Kas mes esame?<\/h2>\n\n\n\n<p><h3>Nasz zesp\u00f3\u0142 \u2014 eksperci na rynku kryptowalut<\/h3>\n<p>Jeste\u015bmy zespo\u0142em pasjonat\u00f3w i ekspert\u00f3w, kt\u00f3rzy specjalizuj\u0105 si\u0119 w dog\u0142\u0119bnych analizach i recenzjach <b>gie\u0142d kryptowalut<\/b>, a tak\u017ce w tworzeniu warto\u015bciowych tre\u015bci edukacyjnych dotycz\u0105cych ca\u0142ego ekosystemu <b>cyfrowych aktyw\u00f3w<\/b>. Doskonale zdajemy sobie spraw\u0119, \u017ce \u015bwiat <b>kryptowalut<\/b>, zw\u0142aszcza dla os\u00f3b pocz\u0105tkuj\u0105cych, mo\u017ce wydawa\u0107 si\u0119 skomplikowany i przyt\u0142aczaj\u0105cy. Naszym nadrz\u0119dnym celem jest rozwianie wszelkich w\u0105tpliwo\u015bci i uczynienie tego fascynuj\u0105cego obszaru bardziej przyst\u0119pnym oraz zrozumia\u0142ym dla ka\u017cdego, kto chce rozpocz\u0105\u0107 <b>inwestowanie w kryptowaluty<\/b>.<\/p>\n<p>Wierzymy, \u017ce solidna wiedza to podstawa sukcesu w <b>handlu kryptowalutami<\/b>. Dlatego nie tylko przedstawiamy rzetelne rankingi i recenzje, ale tak\u017ce tworzymy poradniki, artyku\u0142y i analizy, kt\u00f3re pomog\u0105 Ci zrozumie\u0107 mechanizmy rynku, zasady bezpiecze\u0144stwa <b>portfeli kryptowalut<\/b> oraz potencjalne strategie inwestycyjne. Z nami zg\u0142\u0119bisz tajniki blockchain, DeFi, NFT i stakingu, bez obaw o \u017cargon i techniczne zawi\u0142o\u015bci.<\/p><\/p>\n\n\n\n<p><strong>K\u0105 mes darome?<\/strong><\/p>\n\n\n\n<ul class=\"wp-block-list\">\n<li><h3>Obiektywne analizy i recenzje gie\u0142d kryptowalut<\/h3>\n<p>Naszym priorytetem jest dostarczanie kompleksowych i w pe\u0142ni obiektywnych recenzji <b>gie\u0142d kryptowalut<\/b>. Dzi\u0119ki naszym szczeg\u00f3\u0142owym analizom, z \u0142atwo\u015bci\u0105 wybierzesz platform\u0119, kt\u00f3ra najlepiej odpowiada Twoim indywidualnym potrzebom i celom inwestycyjnym w \u015bwiecie <b>kryptowalut<\/b>. Nie tylko oceniamy funkcjonalno\u015b\u0107, ale tak\u017ce bezpiecze\u0144stwo, op\u0142aty, dost\u0119p do <b>portfeli kryptowalut<\/b> oraz jako\u015b\u0107 obs\u0142ugi klienta.<\/p>\n<p>Ka\u017cda recenzowana przez nas <b>gie\u0142da kryptowalut<\/b> jest dok\u0142adnie sprawdzana pod k\u0105tem zgodno\u015bci z polskimi regulacjami (je\u015bli dotyczy), uchodz\u0105cymi za jedne z najbardziej rygorystycznych w Europie. Nasz zesp\u00f3\u0142 po\u015bwi\u0119ca czas na analiz\u0119 wszystkich aspekt\u00f3w, aby\u015b m\u00f3g\u0142 mie\u0107 pewno\u015b\u0107, \u017ce Twoje <b>inwestowanie w kryptowaluty<\/b> b\u0119dzie bezpieczne i efektywne. Dostarczamy jasne por\u00f3wnania i konkretne wnioski, aby u\u0142atwi\u0107 Ci podj\u0119cie \u015bwiadomej decyzji przed rozpocz\u0119ciem <b>handlu kryptowalutami<\/b>.<\/p><\/li>\n\n\n\n<li>Nasza misja to wprowadzenie pocz\u0105tkuj\u0105cych inwestor\u00f3w w \u015bwiat kryptowalut, aby mogli oni pewnie i bezpiecznie stawia\u0107 swoje pierwsze kroki na tym dynamicznym rynku.<\/li>\n\n\n\n<li>Dostarczamy warto\u015bciowych informacji i praktycznych wskaz\u00f3wek dla ka\u017cdego, kto pragnie zg\u0142\u0119bi\u0107 tajniki tej innowacyjnej dziedziny finans\u00f3w. Chcemy, aby handel kryptowalutami by\u0142 bardziej dost\u0119pny i zrozumia\u0142y.<\/li>\n<\/ul>\n\n\n\n<h2 class=\"wp-block-heading\"><h3>Dlaczego warto wybra\u0107 nasz portal o kryptowalutach?<\/h3><\/h2>\n\n\n\n<ul class=\"wp-block-list\">\n<li><strong>\u0160viet\u0117ji\u0161ka misija<\/strong>Naszym g\u0142\u00f3wnym zamierzeniem jest wspieranie ka\u017cdego \u2013 od pocz\u0105tkuj\u0105cego entuzjasty inwestycji, po do\u015bwiadczonego tradera \u2013 w zg\u0142\u0119bianiu tajnik\u00f3w rynku kryptowalut.<\/li>\n\n\n\n<li><strong>Patikimos ap\u017evalgos<\/strong>Przygotowujemy kompleksowe, niezale\u017cne i wiarygodne recenzje gie\u0142d kryptowalut, aby umo\u017cliwi\u0107 Pa\u0144stwu podejmowanie \u015bwiadomych decyzji inwestycyjnych na rynku kryptowalut.<\/li>\n\n\n\n<li><strong>Draugi\u0161ki pradedantiesiems<\/strong>Nasze materia\u0142y s\u0105 zaprojektowane w taki spos\u00f3b, aby by\u0142y przyst\u0119pne dla ka\u017cdego \u2013 nawet dla tych, kt\u00f3rzy dopiero stawiaj\u0105 pierwsze kroki w \u015bwiecie cyfrowych aktyw\u00f3w i kryptowalut.<\/li>\n\n\n\n<li><strong>Nuolatin\u0117 parama<\/strong>Jeste\u015bmy tu, by rozwia\u0107 wszelkie w\u0105tpliwo\u015bci i przybli\u017cy\u0107 fascynuj\u0105cy \u015bwiat kryptowalut. Ch\u0119tnie odpowiemy na Twoje pytania, pomagaj\u0105c Ci zrozumie\u0107 wszelkie aspekty zwi\u0105zane z cyfrowymi aktywami i technologi\u0105 blockchain.<\/li>\n<\/ul>\n\n\n\n<hr class=\"wp-block-separator has-alpha-channel-opacity\"\/>\n\n\n\n<p>Do\u0142\u0105cz do naszej spo\u0142eczno\u015bci i zr\u00f3b sw\u00f3j pierwszy krok na gie\u0142dzie kryptowalut! Z pewno\u015bci\u0105 poczujesz si\u0119 pewniej, korzystaj\u0105c z naszej wiedzy i kompleksowych poradnik\u00f3w. Naszym celem jest Tw\u00f3j sukces w inwestowaniu w kryptowaluty!<\/p>","protected":false},"excerpt":{"rendered":"<p>Apie mus Sveiki atvyk\u0119 \u012f m\u016bs\u0173 platform\u0105 \u2013 viet\u0105, kurioje pradedantieji gali \u017eengti pirmuosius \u017eingsnius kriptovaliut\u0173 pasaulyje, o patyr\u0119 investuotojai atrasti verting\u0173 \u012f\u017evalg\u0173 apie kriptovaliut\u0173 bir\u017eas. M\u016bs\u0173 misija \u2013 pad\u0117ti jums saugiai ir lengvai suprasti kriptovaliut\u0173 rink\u0105 bei suteikti patikim\u0105 informacij\u0105, kuri\u0105 galite pritaikyti priimdami sprendimus. Kas mes esame? Esame komanda, kuri specializuojasi kriptovaliut\u0173 bir\u017e\u0173 [&hellip;]<\/p>\n","protected":false},"author":3,"featured_media":0,"parent":0,"menu_order":0,"comment_status":"closed","ping_status":"closed","template":"","meta":{"_lmt_disableupdate":"","_lmt_disable":"","footnotes":""},"class_list":["post-3234","page","type-page","status-publish","hentry"],"_links":{"self":[{"href":"https:\/\/kriptovaliutos.io\/pl\/wp-json\/wp\/v2\/pages\/3234","targetHints":{"allow":["GET"]}}],"collection":[{"href":"https:\/\/kriptovaliutos.io\/pl\/wp-json\/wp\/v2\/pages"}],"about":[{"href":"https:\/\/kriptovaliutos.io\/pl\/wp-json\/wp\/v2\/types\/page"}],"author":[{"embeddable":true,"href":"https:\/\/kriptovaliutos.io\/pl\/wp-json\/wp\/v2\/users\/3"}],"replies":[{"embeddable":true,"href":"https:\/\/kriptovaliutos.io\/pl\/wp-json\/wp\/v2\/comments?post=3234"}],"version-history":[{"count":3,"href":"https:\/\/kriptovaliutos.io\/pl\/wp-json\/wp\/v2\/pages\/3234\/revisions"}],"predecessor-version":[{"id":3507,"href":"https:\/\/kriptovaliutos.io\/pl\/wp-json\/wp\/v2\/pages\/3234\/revisions\/3507"}],"wp:attachment":[{"href":"https:\/\/kriptovaliutos.io\/pl\/wp-json\/wp\/v2\/media?parent=3234"}],"curies":[{"name":"wp","href":"https:\/\/api.w.org\/{rel}","templated":true}]}}