{"id":3238,"date":"2024-09-12T12:05:44","date_gmt":"2024-09-12T12:05:44","guid":{"rendered":"https:\/\/kriptovaliutos.io\/?page_id=3238"},"modified":"2024-12-06T22:05:00","modified_gmt":"2024-12-06T20:05:00","slug":"jak-zarabiamy","status":"publish","type":"page","link":"https:\/\/kriptovaliutos.io\/pl\/jak-zarabiamy\/","title":{"rendered":"Jak zarabiamy?"},"content":{"rendered":"<h1 class=\"wp-block-heading\"><h3>Jak generujemy zyski?<\/h3><\/h1>\n\n\n\n<p>Aby dostarcza\u0107 Pa\u0144stwu rzetelne i bezp\u0142atne tre\u015bci dotycz\u0105ce gie\u0142d kryptowalut oraz strategii inwestycyjnych, nasza platforma opiera si\u0119 na wsp\u00f3\u0142pracach partnerskich z r\u00f3\u017cnymi platformami do handlu kryptowalutami i dostawcami us\u0142ug. Nasz model biznesowy opiera si\u0119 na programach afiliacyjnych. Zarabiamy prowizj\u0119 za ka\u017cdym razem, gdy u\u017cytkownik, po zapoznaniu si\u0119 z naszymi recenzjami i skorzystaniu z udost\u0119pnionego przez nas linku, rejestruje si\u0119 i aktywnie korzysta z us\u0142ug naszych partner\u00f3w. To umo\u017cliwia nam dalsze rozwijanie serwisu i oferowanie warto\u015bciowych informacji o \u015bwiecie blockchain i DeFi.<\/p>\n\n\n\n<h2 class=\"wp-block-heading\">Jak to dzia\u0142a?<\/h2>\n\n\n\n<p>Gdy zdecyduj\u0105 si\u0119 Pa\u0144stwo skorzysta\u0107 z naszych rekomendacji i zarejestruj\u0105 si\u0119 na gie\u0142dzie kryptowalut za po\u015brednictwem naszych link\u00f3w afiliacyjnych, otrzymujemy niewielk\u0105 prowizj\u0119. Jest to forma wynagrodzenia za skuteczne skierowanie nowych u\u017cytkownik\u00f3w na platformy naszych partner\u00f3w. Co najwa\u017cniejsze, dla Pa\u0144stwa nie wi\u0105\u017ce si\u0119 to z \u017cadnymi dodatkowymi kosztami \u2013 nasza prowizja jest pokrywana przez platformy, a nie z Pa\u0144stwa \u015brodk\u00f3w. Dzi\u0119ki temu handel kryptowalutami staje si\u0119 dost\u0119pny, a Pa\u0144stwo mog\u0105 cieszy\u0107 si\u0119 pe\u0142nowarto\u015bciowymi us\u0142ugami gie\u0142dy kryptowalut, korzystaj\u0105c z naszych bezstronnych analiz.<\/p>\n\n\n\n<h2 class=\"wp-block-heading\">Nepriklausomos ir s\u0105\u017einingos ap\u017evalgos<\/h2>\n\n\n\n<p>Mimo \u017ce generujemy przychody z partnerstwa z wybranymi platformami, nasze recenzje i analizy pozostaj\u0105 w pe\u0142ni niezale\u017cne oraz obiektywne. Naszym nadrz\u0119dnym celem jest dostarczenie Pa\u0144stwu wiarygodnych informacji, kt\u00f3re umo\u017cliwi\u0105 \u015bwiadome podejmowanie decyzji inwestycyjnych w obszarze kryptowalut. Zawsze d\u0105\u017cymy do prezentowania uczciwych i bezstronnych ocen, badaj\u0105c gie\u0142dy pod k\u0105tem ich funkcjonalno\u015bci, wysoko\u015bci op\u0142at, bezpiecze\u0144stwa oraz og\u00f3lnego do\u015bwiadczenia u\u017cytkownika. Stawiamy na przejrzysto\u015b\u0107, aby wspiera\u0107 Pa\u0144stwa w bezpiecznym inwestowaniu w kryptowaluty i efektywnym zarz\u0105dzaniu portfelem kryptowalut.<\/p>","protected":false},"excerpt":{"rendered":"<p>Kaip mes u\u017edirbame Siekdami teikti kokybi\u0161k\u0105 ir nemokam\u0105 turin\u012f apie kriptovaliut\u0173 bir\u017eas ir investavimo strategijas, m\u016bs\u0173 platforma remiasi partneryst\u0117mis su \u012fvairiomis kriptovaliut\u0173 bir\u017eomis bei paslaug\u0173 teik\u0117jais. Mes u\u017edirbame i\u0161 affiliate (partneryst\u0117s) program\u0173, kai vartotojai, perskait\u0119 m\u016bs\u0173 ap\u017evalgas ir naudodamiesi m\u016bs\u0173 pateiktomis nuorodomis, registruojasi ir pradeda naudotis partneri\u0173 paslaugomis. Kaip tai veikia? Kai pasinaudojate m\u016bs\u0173 rekomendacijomis [&hellip;]<\/p>\n","protected":false},"author":3,"featured_media":0,"parent":0,"menu_order":0,"comment_status":"closed","ping_status":"closed","template":"","meta":{"_lmt_disableupdate":"","_lmt_disable":"","footnotes":""},"class_list":["post-3238","page","type-page","status-publish","hentry"],"_links":{"self":[{"href":"https:\/\/kriptovaliutos.io\/pl\/wp-json\/wp\/v2\/pages\/3238","targetHints":{"allow":["GET"]}}],"collection":[{"href":"https:\/\/kriptovaliutos.io\/pl\/wp-json\/wp\/v2\/pages"}],"about":[{"href":"https:\/\/kriptovaliutos.io\/pl\/wp-json\/wp\/v2\/types\/page"}],"author":[{"embeddable":true,"href":"https:\/\/kriptovaliutos.io\/pl\/wp-json\/wp\/v2\/users\/3"}],"replies":[{"embeddable":true,"href":"https:\/\/kriptovaliutos.io\/pl\/wp-json\/wp\/v2\/comments?post=3238"}],"version-history":[{"count":2,"href":"https:\/\/kriptovaliutos.io\/pl\/wp-json\/wp\/v2\/pages\/3238\/revisions"}],"predecessor-version":[{"id":3508,"href":"https:\/\/kriptovaliutos.io\/pl\/wp-json\/wp\/v2\/pages\/3238\/revisions\/3508"}],"wp:attachment":[{"href":"https:\/\/kriptovaliutos.io\/pl\/wp-json\/wp\/v2\/media?parent=3238"}],"curies":[{"name":"wp","href":"https:\/\/api.w.org\/{rel}","templated":true}]}}