{"id":3240,"date":"2024-09-12T12:05:51","date_gmt":"2024-09-12T12:05:51","guid":{"rendered":"https:\/\/kriptovaliutos.io\/?page_id=3240"},"modified":"2024-12-06T22:05:06","modified_gmt":"2024-12-06T20:05:06","slug":"kontakt","status":"publish","type":"page","link":"https:\/\/kriptovaliutos.io\/pl\/kontakt\/","title":{"rendered":"Kontakt"},"content":{"rendered":"<h1 class=\"wp-block-heading\">Kontakt<\/h1>\n\n\n\n<p><h3>Masz pytania dotycz\u0105ce <strong>gie\u0142d kryptowalut<\/strong>? Skontaktuj si\u0119 z nami!<\/h3><p>Zastanawiasz si\u0119 nad <strong>inwestowaniem w kryptowaluty<\/strong>, masz pytania dotycz\u0105ce ich dzia\u0142ania, czy te\u017c potrzebujesz pomocy w wyborze odpowiedniego <strong>portfela kryptowalutowego<\/strong> lub <strong>gie\u0142dy kryptowalut<\/strong>? A mo\u017ce po prostu chcesz podzieli\u0107 si\u0119 swoimi spostrze\u017ceniami lub propozycjami? Jeste\u015bmy tutaj, aby pom\u00f3c!<\/p><p>Skontaktuj si\u0119 z nami mailowo \u2013 z przyjemno\u015bci\u0105 odpowiemy na wszystkie Twoje zapytania i rozwiejemy w\u0105tpliwo\u015bci zwi\u0105zane z <strong>handlem kryptowalutami<\/strong> oraz \u015bwiatem blockchain. Czekamy na Twoj\u0105 wiadomo\u015b\u0107!<\/p><p>Adres e-mail: <a href=\"mailto:info@example.com\">info@example.com<\/a><\/p><\/p>\n\n\n\n<p><strong>El. pa\u0161tas<\/strong>: <a>info@kriptovaliutos.io<\/a><\/p>","protected":false},"excerpt":{"rendered":"<p>Kontaktai Turite klausim\u0173, pasi\u016blym\u0173 ar norite su\u017einoti daugiau apie kriptovaliut\u0173 bir\u017eas? Mielai jums pad\u0117sime! Susisiekite su mumis el. pa\u0161tu, ir mes atsakysime \u012f visus j\u016bs\u0173 klausimus. El. pa\u0161tas: info@kriptovaliutos.io<\/p>","protected":false},"author":3,"featured_media":0,"parent":0,"menu_order":0,"comment_status":"closed","ping_status":"closed","template":"","meta":{"_lmt_disableupdate":"","_lmt_disable":"","footnotes":""},"class_list":["post-3240","page","type-page","status-publish","hentry"],"_links":{"self":[{"href":"https:\/\/kriptovaliutos.io\/pl\/wp-json\/wp\/v2\/pages\/3240","targetHints":{"allow":["GET"]}}],"collection":[{"href":"https:\/\/kriptovaliutos.io\/pl\/wp-json\/wp\/v2\/pages"}],"about":[{"href":"https:\/\/kriptovaliutos.io\/pl\/wp-json\/wp\/v2\/types\/page"}],"author":[{"embeddable":true,"href":"https:\/\/kriptovaliutos.io\/pl\/wp-json\/wp\/v2\/users\/3"}],"replies":[{"embeddable":true,"href":"https:\/\/kriptovaliutos.io\/pl\/wp-json\/wp\/v2\/comments?post=3240"}],"version-history":[{"count":3,"href":"https:\/\/kriptovaliutos.io\/pl\/wp-json\/wp\/v2\/pages\/3240\/revisions"}],"predecessor-version":[{"id":3510,"href":"https:\/\/kriptovaliutos.io\/pl\/wp-json\/wp\/v2\/pages\/3240\/revisions\/3510"}],"wp:attachment":[{"href":"https:\/\/kriptovaliutos.io\/pl\/wp-json\/wp\/v2\/media?parent=3240"}],"curies":[{"name":"wp","href":"https:\/\/api.w.org\/{rel}","templated":true}]}}